{"id":892,"date":"2017-01-05T12:50:15","date_gmt":"2017-01-05T12:50:15","guid":{"rendered":"http:\/\/work-ing.hr\/o-nama\/"},"modified":"2019-04-25T22:36:15","modified_gmt":"2019-04-25T22:36:15","slug":"chi-siamo","status":"publish","type":"page","link":"https:\/\/staging.work-ing.hr\/it\/chi-siamo\/","title":{"rendered":"Chi siamo?"},"content":{"rendered":"<h1>Chi siamo?<\/h1>\n<p>La ditta Work-ing S.r.l. si occupa della progettazione e produzione <strong>dei blocchi di bassa tensione<\/strong> per le esigenze della distribuzione della energia elettrica, industria, costruzione di alloggi, progettazione, assemblaggio e collaudo di impianti solari.<!--more--><\/p>\n<p>La struttura del personale \u00e8 composta da ingegneri, ingegneri elettrici, tecnici meccanici e commercianti. Il nostro team composto da 25 impiegati si occupa delle installazioni e della assemblea dei prodotti in conformit\u00e0 delle norme, bisogni e desideri dei nostri clienti.\u00a0<\/p>\n<p>Con il nostro sviluppo &#8211; incorporando prodotti nazionali e prodotti di noti produttori europei e con la cooperazione tecnico-commerciale con le aziende in Croazia e in Europa, ci aspettiamo di essere competitivi sia sul mercato interno che su quello estero, offrendo prodotti di alta qualit\u00e0.<\/p>\n<p>Il nostro obiettivo \u00e8 diventare la principale azienda nazionale e rispettabile nei paesi della UE, nella produzione e nell&#8217;equipaggiamento di quadri elettrici, progetti per l&#8217;efficienza energetica e le fonti rinnovabili.<\/p>\n<p>La nostra attivit\u00e0 in futuro sar\u00e0 basata sull&#8217;investimento nella formazione professionale dei dipendenti, nella gestione del sistema di qualit\u00e0 ISO 9001: 2015 e lo sviluppo, tutto questo con lo scopo di fornire un servizio completo e di qualit\u00e0 ai nostri clienti.<\/p>\n<p>&nbsp;<\/p>\n","protected":false},"excerpt":{"rendered":"<p>Chi siamo? La ditta Work-ing S.r.l. si occupa della progettazione e produzione dei blocchi di bassa tensione per le esigenze della distribuzione della energia elettrica, industria, costruzione di alloggi, progettazione, assemblaggio e collaudo di impianti solari.<\/p>\n","protected":false},"author":1,"featured_media":0,"parent":0,"menu_order":0,"comment_status":"closed","ping_status":"closed","template":"page-o-nama.php","meta":{"inline_featured_image":false,"_exactmetrics_skip_tracking":false,"_exactmetrics_sitenote_active":false,"_exactmetrics_sitenote_note":"","_exactmetrics_sitenote_category":0,"footnotes":""},"acf":[],"_links":{"self":[{"href":"https:\/\/staging.work-ing.hr\/it\/wp-json\/wp\/v2\/pages\/892"}],"collection":[{"href":"https:\/\/staging.work-ing.hr\/it\/wp-json\/wp\/v2\/pages"}],"about":[{"href":"https:\/\/staging.work-ing.hr\/it\/wp-json\/wp\/v2\/types\/page"}],"author":[{"embeddable":true,"href":"https:\/\/staging.work-ing.hr\/it\/wp-json\/wp\/v2\/users\/1"}],"replies":[{"embeddable":true,"href":"https:\/\/staging.work-ing.hr\/it\/wp-json\/wp\/v2\/comments?post=892"}],"version-history":[{"count":2,"href":"https:\/\/staging.work-ing.hr\/it\/wp-json\/wp\/v2\/pages\/892\/revisions"}],"predecessor-version":[{"id":1476,"href":"https:\/\/staging.work-ing.hr\/it\/wp-json\/wp\/v2\/pages\/892\/revisions\/1476"}],"wp:attachment":[{"href":"https:\/\/staging.work-ing.hr\/it\/wp-json\/wp\/v2\/media?parent=892"}],"curies":[{"name":"wp","href":"https:\/\/api.w.org\/{rel}","templated":true}]}}