{"id":1556,"date":"2019-04-30T15:06:50","date_gmt":"2019-04-30T15:06:50","guid":{"rendered":"http:\/\/work-ing.hr\/?page_id=1556"},"modified":"2019-04-30T15:07:07","modified_gmt":"2019-04-30T15:07:07","slug":"impianti-di-energia-solare","status":"publish","type":"page","link":"https:\/\/staging.work-ing.hr\/it\/impianti-di-energia-solare\/","title":{"rendered":"Impianti di energia solare"},"content":{"rendered":"<h1>IMPIANTI DI ENERGIA SOLARE<\/h1>\n<div class=\"scroll-anim\"><ul class=\"wrk-categories taxonomy-spp_types\" data-total-count=\"0 \"><li class=\"wrk-category term-senza-gestione has-hover-text\"><a class=\"wrk-category-link\" href=\"https:\/\/staging.work-ing.hr\/it\/suncane-elektrane\/senza-gestione\/\" data-count=\"0\" data-ratio=\".3\"><div class=\"wrk-category-icon-container\"><div class=\"wrk-icon-fill-space\"><div class=\"wrk-icon-fill-limit\" style=\"max-height:30%\"><div class=\"wrk-icon-fill\"><\/div><\/div><\/div><svg class=\"wrk-icon\"><use xlink:href=\"https:\/\/staging.work-ing.hr\/wp-content\/themes\/working\/images\/working_icons.svg#suncane_elektrane_1\"><\/use><\/svg><\/div><div class=\"wrk-category-title\">Senza gestione<\/div><div class=\"wrk-category-hover-text\">grado di autoconsumo<\/div><div class=\"wrk-category-hover-value\">30% - 40%<\/div><\/a><\/li><li class=\"wrk-category term-con-gestione has-hover-text\"><a class=\"wrk-category-link\" href=\"https:\/\/staging.work-ing.hr\/it\/suncane-elektrane\/con-gestione\/\" data-count=\"0\" data-ratio=\".5\"><div class=\"wrk-category-icon-container\"><div class=\"wrk-icon-fill-space\"><div class=\"wrk-icon-fill-limit\" style=\"max-height:50%\"><div class=\"wrk-icon-fill\"><\/div><\/div><\/div><svg class=\"wrk-icon\"><use xlink:href=\"https:\/\/staging.work-ing.hr\/wp-content\/themes\/working\/images\/working_icons.svg#suncane_elektrane_2\"><\/use><\/svg><\/div><div class=\"wrk-category-title\">Con accumulo<\/div><div class=\"wrk-category-hover-text\">grado di autoconsumo<\/div><div class=\"wrk-category-hover-value\">50%<\/div><\/a><\/li><li class=\"wrk-category term-con-gestione-it has-hover-text\"><a class=\"wrk-category-link\" href=\"https:\/\/staging.work-ing.hr\/it\/suncane-elektrane\/con-gestione-it\/\" data-count=\"0\" data-ratio=\".8\"><div class=\"wrk-category-icon-container\"><div class=\"wrk-icon-fill-space\"><div class=\"wrk-icon-fill-limit\" style=\"max-height:80%\"><div class=\"wrk-icon-fill\"><\/div><\/div><\/div><svg class=\"wrk-icon\"><use xlink:href=\"https:\/\/staging.work-ing.hr\/wp-content\/themes\/working\/images\/working_icons.svg#suncane_elektrane_3\"><\/use><\/svg><\/div><div class=\"wrk-category-title\">Con gestione<\/div><div class=\"wrk-category-hover-text\">grado di autoconsumo<\/div><div class=\"wrk-category-hover-value\">80%<\/div><\/a><\/li><\/ul><\/div>\n<\/div><div class=\"wrk-insert-content  section-padded middle-silver-background scroll-anim\"><div class=\"site-skeleton\"><section class=\"wrk-section col-2 left section-padded\">\n<img decoding=\"async\" src=\"https:\/\/staging.work-ing.hr\/wp-content\/uploads\/2018\/09\/vlastita_potrosnja.png\" class=\"wrk-svg\" style=\"\">\n<\/section><section class=\"wrk-section col-2 right section-padded\">\n<h2>CONSUMO DELL\u2019 ENERGIA ELETTRICA PROPRIA<\/h2>\n<p>Il termine consumo dell\u2019energia elettrica propria denota l\u2019energia usata direttamente nel sito della produzione e per il consumo proprio.\u00a0 Tranne i vari fattori che influenzano gli impianti solari, grande attenzione viene dedicata al raggiungimento del massimo livello di consumo dell\u2019energia propria, che rappresenta il rapporto tra l\u2019energia utilizzata nel sito di produzione e l\u2019energia prodotta in totale dal proprio impianto solare.\u00a0<\/p>\n<\/section>\n<\/div>\n<\/div><div class=\"site-skeleton\"><\/div><div class=\"wrk-insert-content \"><div class=\"wrk-page-break white-color color-image yellow-dark-blue no-overlay scroll-anim\"><section class=\"wrk-section col-2 left content-padded wrk-no-list silver-color\">\n<h2>PERCH\u00c9 LE PIANTE DI ENERGIA SOLARE<\/h2>\n<h3>UN INVESTIZIONE ACCETTABILE<\/h3>\n<ul>\n<li>Con realizzazioni tecnologiche l&#8217;investimento nei moderni impianti di energia solare sta diventando sempre notevolmente inferiore rispetto ad altri tipi di centrali elettriche per le fonti energetiche rinnovabili.<\/li>\n<\/ul>\n<h3>RISPARMIARE I SOLDI<\/h3>\n<ul>\n<li>Le spese energetiche degli impianti solari sono inferiori al costo della rete elettrica. Con le fonti di energia rinnovabili \u00e8 possibile risparmiare una notevole quantit\u00e0 di denaro sulle bollette elettriche.<\/li>\n<\/ul>\n<h3>CONSERVARE L&#8217;AMBIENTE<\/h3>\n<ul>\n<li>Gli impianti solari hanno un impatto meno negativo sull&#8217;ambiente. Il sole ci fornisce una fonte di energia ecologicamente pulita, illimitata e affidabile.<\/li>\n<\/ul>\n<h3>INDIPENDENZA ENERGETICA<\/h3>\n<ul>\n<li>L\u2019energia dagli impianti solari \u00e8 adatta per la conversione ad altre forme di energia, ma anche per la conservazione per un uso successivo e questo e ci permette l\u2019uso dell\u2019energia conservata in ogni momento.<\/li>\n<\/ul>\n<\/section><section class=\"wrk-section col-2 left content-padded wrk-no-list yellow-color\">\n<h2>PERCH\u00c9 WORK-ING?<\/h2>\n<h3>IL PERSONALE PROFESSIONALE<\/h3>\n<ul>\n<li>Il nostro personale \u00e8 professionale, certificato e altamente qualificato nella progettazione, costruzione e collaudo del vostro impianto solare.<\/li>\n<\/ul>\n<h3>IL SERVIZIO COMPLETO<\/h3>\n<ul>\n<li>Il servizio completo per il vostro impianto solare include la manutenzione, il servizio autorizzato dell&#8217;apparecchiatura, il monitoraggio e le riparazioni di emergenza in caso di guasto.<\/li>\n<\/ul>\n<h3>LA SOLUZIONE AFFIDABILE<\/h3>\n<ul>\n<li>Sulla base dell&#8217;analisi dei vostri bisogni presenti e futuri, creiamo una soluzione tecnica mirata e completa.<\/li>\n<\/ul>\n<h3>IL PREZZO E LA QUALIT\u00c0<\/h3>\n<ul>\n<li>Scegliendo attrezzature di alta qualit\u00e0 e con il controllo della qualit\u00e0 in tutte le fasi del vostro investimento Le garantiamo il miglior rapporto qualit\u00e0 \/ prezzo.<\/li>\n<\/ul>\n<h3>SIAMO QUI PER LEI<\/h3>\n<ul>\n<li>Il nostro personale \u00e8 accessibile e comunicativo. Vi offre consigli e assistenza in tutte le fasi del vostro processo decisionale.<\/li>\n<\/ul>\n<\/section><div class=\"wrk-page-break-img-div\" style=\"background-image:url(https:\/\/staging.work-ing.hr\/wp-content\/uploads\/2017\/02\/ZASTO-SE-I-W.jpg);\"><\/div><\/div>\n<\/div><div class=\"site-skeleton\">\n<\/div><div class=\"wrk-insert-content  section-padded middle-silver-background\"><h2 style=\"text-align: center;\">5 passi per la produzione propria<\/h2>\n<p style=\"text-align: center;\"><div data-instance-number=\"2\"\n\t\t\t\t\tclass=\"image-gallery  slider\"\n\t\t\t\t\tid=\"wrk-image-gallery-2\"\n\t\t\t\t\t\n\t\t\t\t\t><div class=\"image-gallery-slides\"><div class=\"image-gallery-slide overlay\"><div class=\"site-skeleton\"><h3 style=\"text-align: center;\">L\u2019analisi e la offerta<\/h3>\n<p style=\"text-align: center;\"><img decoding=\"async\" src=\"https:\/\/staging.work-ing.hr\/wp-content\/uploads\/2017\/02\/5-koraka-sunce-1.svg\" class=\"wrk-svgcontent padded\" style=\" width:20%\">\n<p style=\"text-align: center;\">Analizzeremo le possibilit\u00e0 della costruzione di impianti di energia solare e faremo un&#8217;offerta in base alle proprie esigenze in merito alla posizione dell&#8217;edificio, al consumo, all&#8217;orientamento e all&#8217;inclinazione del tetto.<\/p>\n<p style=\"text-align: center;\">\n<\/div><\/div><div class=\"image-gallery-slide overlay\"><div class=\"site-skeleton\"><h3 style=\"text-align: center;\">La consulenza e il finanziamento<\/h3>\n<p style=\"text-align: center;\"><img decoding=\"async\" src=\"https:\/\/staging.work-ing.hr\/wp-content\/uploads\/2017\/02\/5-koraka-sunce-2.svg\" class=\"wrk-svgcontent padded\" style=\" width:20%\">\n<p style=\"text-align: center;\">Vi faremo conoscere tutti i dettagli dell&#8217;analisi fatta e vi informeremo sulle possibilit\u00e0 di finanziamento da fondi europei e altri.<\/p>\n<p style=\"text-align: center;\">\n<\/div><\/div><div class=\"image-gallery-slide overlay\"><div class=\"site-skeleton\"><h3 style=\"text-align: center;\">Il progetto<\/h3>\n<p style=\"text-align: center;\"><img decoding=\"async\" src=\"https:\/\/staging.work-ing.hr\/wp-content\/uploads\/2017\/02\/5-koraka-sunce-3.svg\" class=\"wrk-svgcontent padded\" style=\" width:20%\">\n<p style=\"text-align: center;\">Analizzeremo le vostre esigenze e possibilit\u00e0 in dettaglio e progetteremo un progetto principale per il vostro impianto solare (incluse le spese di spedizione).<\/p>\n<p style=\"text-align: center;\">\n<\/div><\/div><div class=\"image-gallery-slide overlay\"><div class=\"site-skeleton\"><h3 style=\"text-align: center;\">L\u2019installazione<\/h3>\n<p style=\"text-align: center;\"><img decoding=\"async\" src=\"https:\/\/staging.work-ing.hr\/wp-content\/uploads\/2017\/02\/5-koraka-sunce-4.svg\" class=\"wrk-svgcontent padded\" style=\" width:20%\">\n<p style=\"text-align: center;\">La nostra esperienza, la buona preparazione, i test statici e l&#8217;adeguamento al tetto assicurano un funzionamento impeccabile del vostro impianto solare e consentono al nostro team di effettuare un&#8217;installazione rapida e semplice.<\/p>\n<p style=\"text-align: center;\">\n<\/div><\/div><div class=\"image-gallery-slide overlay\"><div class=\"site-skeleton\"><h3 style=\"text-align: center;\">Il Test, la misurazione della qualit\u00e0 e la connessione<\/h3>\n<p style=\"text-align: center;\"><img decoding=\"async\" src=\"https:\/\/staging.work-ing.hr\/wp-content\/uploads\/2017\/02\/5-koraka-sunce-5.svg\" class=\"wrk-svgcontent padded\" style=\" width:20%\">\n<p>Misureremo la qualit\u00e0 dell&#8217;elettricit\u00e0 e vedremo se tutto \u00e8 fatto secondo i regolamenti, le norme e le leggi. Una volta completato questo passaggio, vi aiuteremo a ottenere l&#8217;approvazione e la connessione.<\/p>\n<p style=\"text-align: center;\">\n<\/div><\/div><div class=\"image-gallery-slide overlay\"><div class=\"site-skeleton\"><h3 style=\"text-align: center;\">Il funzionamento continuo<\/h3>\n<p style=\"text-align: center;\"><img decoding=\"async\" src=\"https:\/\/staging.work-ing.hr\/wp-content\/uploads\/2017\/02\/5-koraka-sunce-6.svg\" class=\"wrk-svgcontent padded\" style=\" width:20%\">\n<p style=\"text-align: center;\">Ottenendo la connessione e completando i termini del consenso, otterrete un permesso operativo permanente. Complimenti! Ora potete iniziare a produrre la vostra energia ecologica.<\/p>\n<p style=\"text-align: center;\">\n<\/div><\/div><\/div><\/div><\/p>\n<\/div><div class=\"site-skeleton\"><\/div><div class=\"wrk-insert-content  section-padded-top\"><h2 style=\"text-align: center;\">Riferimenti<\/h2>\n<p style=\"text-align: center;\"><div id=\"google-map\"><div class=\"google-maps-loader\"><i class=\"fa fa-spinner fa-pulse fa-3x fa-fw\"><\/i><\/div><!-- \/.google-maps-loader --><\/div><!-- \/#google-map -->\n<\/div><div class=\"site-skeleton\">\n","protected":false},"excerpt":{"rendered":"<p>IMPIANTI DI ENERGIA SOLARE<\/p>\n","protected":false},"author":1,"featured_media":1200,"parent":0,"menu_order":0,"comment_status":"closed","ping_status":"closed","template":"","meta":{"inline_featured_image":false,"_exactmetrics_skip_tracking":false,"_exactmetrics_sitenote_active":false,"_exactmetrics_sitenote_note":"","_exactmetrics_sitenote_category":0,"footnotes":""},"acf":[],"_links":{"self":[{"href":"https:\/\/staging.work-ing.hr\/it\/wp-json\/wp\/v2\/pages\/1556"}],"collection":[{"href":"https:\/\/staging.work-ing.hr\/it\/wp-json\/wp\/v2\/pages"}],"about":[{"href":"https:\/\/staging.work-ing.hr\/it\/wp-json\/wp\/v2\/types\/page"}],"author":[{"embeddable":true,"href":"https:\/\/staging.work-ing.hr\/it\/wp-json\/wp\/v2\/users\/1"}],"replies":[{"embeddable":true,"href":"https:\/\/staging.work-ing.hr\/it\/wp-json\/wp\/v2\/comments?post=1556"}],"version-history":[{"count":2,"href":"https:\/\/staging.work-ing.hr\/it\/wp-json\/wp\/v2\/pages\/1556\/revisions"}],"predecessor-version":[{"id":1558,"href":"https:\/\/staging.work-ing.hr\/it\/wp-json\/wp\/v2\/pages\/1556\/revisions\/1558"}],"wp:featuredmedia":[{"embeddable":true,"href":"https:\/\/staging.work-ing.hr\/it\/wp-json\/wp\/v2\/media\/1200"}],"wp:attachment":[{"href":"https:\/\/staging.work-ing.hr\/it\/wp-json\/wp\/v2\/media?parent=1556"}],"curies":[{"name":"wp","href":"https:\/\/api.w.org\/{rel}","templated":true}]}}