{"id":1488,"date":"2017-02-06T09:03:21","date_gmt":"2017-02-06T09:03:21","guid":{"rendered":"http:\/\/work-ing.hr\/elektro-ormari\/"},"modified":"2019-06-05T07:20:18","modified_gmt":"2019-06-05T07:20:18","slug":"quadri-elettrici","status":"publish","type":"page","link":"https:\/\/staging.work-ing.hr\/it\/quadri-elettrici\/","title":{"rendered":"Quadri elettrici"},"content":{"rendered":"<h1>Quadri elettrici<\/h1>\n<div class=\"scroll-anim\"><ul class=\"wrk-categories taxonomy-ec_types\" data-total-count=\"10 \"><li class=\"wrk-category term-staccati\"><a class=\"wrk-category-link\" href=\"https:\/\/staging.work-ing.hr\/it\/elektro-ormari\/staccati\/\" data-count=\"3\" data-ratio=\"0.3\"><div class=\"wrk-category-icon-container\"><div class=\"wrk-icon-fill-space\"><div class=\"wrk-icon-fill-limit\" style=\"max-height:30%\"><div class=\"wrk-icon-fill\"><\/div><\/div><\/div><img decoding=\"async\" class=\"wrk-icon-image\" src=\"https:\/\/staging.work-ing.hr\/wp-content\/uploads\/2018\/09\/samostojeci_prazni-139x300.png\" srcset=\"https:\/\/staging.work-ing.hr\/wp-content\/uploads\/2018\/09\/samostojeci_prazni-139x300.png 139w, https:\/\/staging.work-ing.hr\/wp-content\/uploads\/2018\/09\/samostojeci_prazni-236x510.png 236w, https:\/\/staging.work-ing.hr\/wp-content\/uploads\/2018\/09\/samostojeci_prazni.png 341w\" alt=\"\"><img decoding=\"async\" class=\"wrk-icon-image hover\" src=\"https:\/\/staging.work-ing.hr\/wp-content\/uploads\/2018\/09\/samostojeci_puni-142x300.png\" srcset=\"https:\/\/staging.work-ing.hr\/wp-content\/uploads\/2018\/09\/samostojeci_puni-142x300.png 142w, https:\/\/staging.work-ing.hr\/wp-content\/uploads\/2018\/09\/samostojeci_puni-241x510.png 241w, https:\/\/staging.work-ing.hr\/wp-content\/uploads\/2018\/09\/samostojeci_puni.png 357w\" alt=\"\"><\/div><div class=\"wrk-category-title\">Staccati<\/div><\/a><\/li><li class=\"wrk-category term-incorporati\"><a class=\"wrk-category-link\" href=\"https:\/\/staging.work-ing.hr\/it\/elektro-ormari\/incorporati\/\" data-count=\"5\" data-ratio=\"0.5\"><div class=\"wrk-category-icon-container\"><div class=\"wrk-icon-fill-space\"><div class=\"wrk-icon-fill-limit\" style=\"max-height:50%\"><div class=\"wrk-icon-fill\"><\/div><\/div><\/div><img decoding=\"async\" class=\"wrk-icon-image\" src=\"https:\/\/staging.work-ing.hr\/wp-content\/uploads\/2018\/09\/ugradbeni_prazni-199x300.png\" srcset=\"https:\/\/staging.work-ing.hr\/wp-content\/uploads\/2018\/09\/ugradbeni_prazni-199x300.png 199w, https:\/\/staging.work-ing.hr\/wp-content\/uploads\/2018\/09\/ugradbeni_prazni-338x510.png 338w, https:\/\/staging.work-ing.hr\/wp-content\/uploads\/2018\/09\/ugradbeni_prazni.png 378w\" alt=\"\"><img decoding=\"async\" class=\"wrk-icon-image hover\" src=\"https:\/\/staging.work-ing.hr\/wp-content\/uploads\/2018\/09\/ugradbeni_puni-200x300.png\" srcset=\"https:\/\/staging.work-ing.hr\/wp-content\/uploads\/2018\/09\/ugradbeni_puni-200x300.png 200w, https:\/\/staging.work-ing.hr\/wp-content\/uploads\/2018\/09\/ugradbeni_puni-340x510.png 340w, https:\/\/staging.work-ing.hr\/wp-content\/uploads\/2018\/09\/ugradbeni_puni.png 381w\" alt=\"\"><\/div><div class=\"wrk-category-title\">Incorporati<\/div><\/a><\/li><li class=\"wrk-category term-sottostazione\"><a class=\"wrk-category-link\" href=\"https:\/\/staging.work-ing.hr\/it\/elektro-ormari\/sottostazione\/\" data-count=\"2\" data-ratio=\"0.2\"><div class=\"wrk-category-icon-container\"><div class=\"wrk-icon-fill-space\"><div class=\"wrk-icon-fill-limit\" style=\"max-height:20%\"><div class=\"wrk-icon-fill\"><\/div><\/div><\/div><img decoding=\"async\" class=\"wrk-icon-image\" src=\"https:\/\/staging.work-ing.hr\/wp-content\/uploads\/2018\/09\/trafo_prazni-210x300.png\" srcset=\"https:\/\/staging.work-ing.hr\/wp-content\/uploads\/2018\/09\/trafo_prazni-210x300.png 210w, https:\/\/staging.work-ing.hr\/wp-content\/uploads\/2018\/09\/trafo_prazni-357x510.png 357w, https:\/\/staging.work-ing.hr\/wp-content\/uploads\/2018\/09\/trafo_prazni.png 525w\" alt=\"\"><img decoding=\"async\" class=\"wrk-icon-image hover\" src=\"https:\/\/staging.work-ing.hr\/wp-content\/uploads\/2018\/09\/trafo_puni-212x300.png\" srcset=\"https:\/\/staging.work-ing.hr\/wp-content\/uploads\/2018\/09\/trafo_puni-212x300.png 212w, https:\/\/staging.work-ing.hr\/wp-content\/uploads\/2018\/09\/trafo_puni-360x510.png 360w, https:\/\/staging.work-ing.hr\/wp-content\/uploads\/2018\/09\/trafo_puni.png 530w\" alt=\"\"><\/div><div class=\"wrk-category-title\">Sottostazione<\/div><\/a><\/li><li class=\"wrk-category term-armadi\"><a class=\"wrk-category-link\" href=\"https:\/\/staging.work-ing.hr\/it\/elektro-ormari\/armadi\/\" data-count=\"0\" data-ratio=\"0\"><div class=\"wrk-category-icon-container\"><div class=\"wrk-icon-fill-space\"><div class=\"wrk-icon-fill-limit\" style=\"max-height:0%\"><div class=\"wrk-icon-fill\"><\/div><\/div><\/div><img decoding=\"async\" class=\"wrk-icon-image\" src=\"https:\/\/staging.work-ing.hr\/wp-content\/uploads\/2018\/09\/prazna_prazni-214x300.png\" srcset=\"https:\/\/staging.work-ing.hr\/wp-content\/uploads\/2018\/09\/prazna_prazni-214x300.png 214w, https:\/\/staging.work-ing.hr\/wp-content\/uploads\/2018\/09\/prazna_prazni-363x510.png 363w, https:\/\/staging.work-ing.hr\/wp-content\/uploads\/2018\/09\/prazna_prazni.png 383w\" alt=\"\"><img decoding=\"async\" class=\"wrk-icon-image hover\" src=\"https:\/\/staging.work-ing.hr\/wp-content\/uploads\/2018\/09\/prazna_puni-214x300.png\" srcset=\"https:\/\/staging.work-ing.hr\/wp-content\/uploads\/2018\/09\/prazna_puni-214x300.png 214w, https:\/\/staging.work-ing.hr\/wp-content\/uploads\/2018\/09\/prazna_puni-364x510.png 364w, https:\/\/staging.work-ing.hr\/wp-content\/uploads\/2018\/09\/prazna_puni.png 399w\" alt=\"\"><\/div><div class=\"wrk-category-title\">Armadi<\/div><\/a><\/li><\/ul><\/div>\n<\/div><div class=\"wrk-insert-content  section-padded middle-silver-background scroll-anim\"><div class=\"site-skeleton\"><section class=\"wrk-section col-2 left section-padded\">\n<object type=\"image\/svg+xml\" data=\"https:\/\/staging.work-ing.hr\/wp-content\/uploads\/2017\/02\/elektro_ormar_plan.svg\" class=\"wrk-svg\"><\/object>\n<\/section><section class=\"wrk-section col-2 right section-padded\">\n<h2>Introduzione<\/h2>\n<p style=\"text-align: center;\">Produciamo tutti i tipi di armadi di distribuzione, per la distribuzione di energia, l&#8217;industria e l&#8217;edilizia residenziale, dai semplici armadietti di misurazione domestici ai blocchi NN e distribuzioni DC. <br \/>\nTranne di armadi di distribuzione, siamo in grado di produrre gli armadi automatizzati con la gestione PLC e gli armadi per la gestione dell\u2019uso della energia elettrica.<\/p>\n<\/section>\n<\/div>\n<\/div><div class=\"site-skeleton\"><\/div><div class=\"wrk-insert-content \"><div class=\"wrk-page-break white-dark-blue no-overlay transparent-image color-image scroll-anim\"><div class=\"site-skeleton\"><section class=\"wrk-section col-2 wrk-no-list left content-padded dark-blue-color\">\n<h2>Caratteristiche principali<\/h2>\n<ul>\n<li style=\"text-align: center;\">\n<p>Adottati alla connessione di rete pubblica in conformit\u00e0 con le condizioni di installazione, operatore di rete e cablaggi associati.<\/p>\n<\/li>\n<li style=\"text-align: center;\">\n<p>Possibilit\u00e0 di installare tutti i tipi standard e tipi di apparecchiature per la connessione, la protezione e la limitazione del consumo di elettricit\u00e0.<\/p>\n<\/li>\n<li style=\"text-align: center;\">\n<p>Possibilit\u00e0 di installare tutti i tipi della apparecchiatura misurativa e i dispositivi tariffari. <br \/>\nElevata resistenza alle influenze atmosferiche, ai raggi UV e ai danni meccanici.<\/p>\n<\/li>\n<li style=\"text-align: center;\">\n<p>Possibilit\u00e0 di installazione in quasi tutti gli spazi interni ed esterni.<\/p>\n<\/li>\n<li style=\"text-align: center;\">\n<p>Gli armadi elettrici fabbricati sono adottati alla connessione di rete pubblica in conformit\u00e0 con le condizioni di installazione dell\u2019operatore di rete. La forma e le dimensioni consentono l&#8217;installazione di tutti i tipi e tipi di apparecchiature standard per la connessione, la protezione, la limitazione del consumo di elettricit\u00e0 e l&#8217;installazione di tutti i tipi di dispositivi di misurazione e tariffazione.<\/p>\n<\/li>\n<li style=\"text-align: center;\">\n<p>Hanno la resistenza elevata alle influenze atmosferiche, ai raggi UV e ai danni meccanici, e si possono implementare in quasi tutti gli spazi interni o esterni.<\/p>\n<\/li>\n<\/ul>\n<\/section><section class=\"wrk-section col-2 wrk-no-list right content-padded silver-color\">\n<h2>Le caratteristiche techniche<\/h2>\n<ul>\n<li style=\"text-align: center;\">\n<p>Produzione basata su tecnologia e parti in base secondo le esigenze del cliente, i quali si adattano alle condizioni ambientali in cui vengono incorporati.<\/p>\n<\/li>\n<li style=\"text-align: center;\">\n<p>Le casse di armadi elettrici, se necessario possono essere di metallo (inox, FE o Al) o dal poliestere stampato.<br \/>\nGrado di protezione delle apparecchiature dai shock meccanici esterni \u00e8 IK 10, e il grado di protezione della casa dei armadi \u00e8 dal IP44 al IP66.<\/p>\n<\/li>\n<li style=\"text-align: center;\">\n<p>Il colore standard dei armadi \u00e8 RAL 7032, con la possibilit\u00e0 di colorare gli armadi come desiderato.<\/p>\n<\/li>\n<li style=\"text-align: center;\">\n<p>La compatibilit\u00e0 delle dimensioni dell&#8217;armadio e la disposizione dei singoli elementi nell&#8217;armadio garantiscono il funzionamento sicuro e l\u2019utilizzo facile.<\/p>\n<\/li>\n<li style=\"text-align: center;\">Produzione dei armadi elettrici \u00e8 basata su tecnologia e parti, i quali vengono usati secondo le esigenze del cliente e che si adattano alle condizioni ambientali in cui vengono incorporati. Le casse di armadi elettrici, se necessario possono essere di metallo (inox, FE o Al) o dal poliestere stampato. Gli armadi elettrici hanno l\u2019 IK10 grado di protezione delle apparecchiature dai shock meccanici esterni\u00a0 e il grado di protezione della casa dei armadi dal IP 44 al IP66, dipende dai bisogni di clienti.\u00a0 Il colore standard dei armadi \u00e8 RAL 7032, con la possibilit\u00e0 di colorare gli armadi come desiderato. La compatibilit\u00e0 delle dimensioni dell&#8217;armadio e la disposizione dei singoli elementi nell&#8217;armadio garantiscono il funzionamento sicuro e l\u2019utilizzo facile.<\/li>\n<\/ul>\n<\/section>\n<\/div><div class=\"wrk-page-break-img-div\" style=\"background-image:url(https:\/\/staging.work-ing.hr\/wp-content\/uploads\/2017\/02\/naslovna-ormari.png);\"><\/div><\/div>\n<\/div><div class=\"site-skeleton\">\n<h2 style=\"text-align: center;\">Qualita<\/h2>\n<p class=\"animated-paragraph\" style=\"text-align: center;\">La produzione di armadi elettrici \u00e8 in conformit\u00e0 con la legge e le direttive di UE, che \u00e8 stato certificato dall\u2019istituto accreditato per determinati tipi di prodotti. La loro qualit\u00e0 \u00e8 stata dimostrata dalla Dichiarazione di conformit\u00e0 UE con il marchio CE, e la nostra esperienza pluriennale nella progettazione garantisce durata e facilit\u00e0 di manutenzione.<\/p>\n<p class=\"animated-paragraph\" style=\"text-align: center;\"><img loading=\"lazy\" decoding=\"async\" class=\"image-no-shadow alignnone wp-image-440 size-medium\" src=\"https:\/\/staging.work-ing.hr\/wp-content\/uploads\/2017\/02\/wrk_kvaliteta-300x78.png\" alt=\"\" width=\"300\" height=\"78\" srcset=\"https:\/\/staging.work-ing.hr\/wp-content\/uploads\/2017\/02\/wrk_kvaliteta-300x78.png 300w, https:\/\/staging.work-ing.hr\/wp-content\/uploads\/2017\/02\/wrk_kvaliteta.png 759w\" sizes=\"(max-width: 300px) 100vw, 300px\" \/><\/p>\n<p style=\"text-align: center;\">\u00a0<\/p>\n<h2 style=\"text-align: center;\">Gli standard applicabili<\/h2>\n<p class=\"animated-paragraph\" style=\"text-align: center;\">Gli armadi elettrici sono in conformit\u00e0 con la nuova norma HRN EN 61439:<\/p>\n<p style=\"text-align: center;\"><div class=\"wrk-responsive-table\"><table class=\"norms-table animated-paragraph\" cellspacing=\"1\" cellpadding=\"1\">\n<tbody>\n<tr>\n<td>HRN\u00a0EN 62208:2012<\/td>\n<td>IEC\/TR 61439-0:2013-04<\/td>\n<td>HRN\u00a0EN 61439-1:2012<\/td>\n<td>HRN\u00a0EN 61439-2:2012<\/td>\n<td>HRN\u00a0EN 61439-3:2012<\/td>\n<td>HRN\u00a0EN 61439-4:2013<\/td>\n<td>HRN\u00a0EN 61439-5:2015<\/td>\n<\/tr>\n<tr>\n<td>Le casse vuote per armadi per quadri elettrici a bassa tensione &#8211; Requisiti generali<\/td>\n<td>Low voltage switchgear and controlgear assemblies \u2013 Part 0: Guidance to specifying assemblies (Planning Guide)<\/td>\n<td>Blocchi di commutazione a bassa tensione &#8211; Parte 1 Le regole di base<\/td>\n<td>Blocchi di commutazione a bassa tensione &#8211; Parte 2 Blocchi per la distribuzione<\/td>\n<td>Blocchi di commutazione a bassa tensione &#8211; Parte 3 Blocchi di distribuzione destinati alla gestione dalle persone inesperte (DBO)<\/td>\n<td>Blocchi di commutazione a bassa tensione &#8211; Parte 4 Requisti particolari per i blocchi destinati a cantiere (ACS)<\/td>\n<td>Blocchi di commutazione a bassa tensione &#8211; Parte 5 Blocchi per la distribuzione nelle retti pubbliche<\/td>\n<\/tr>\n<\/tbody>\n<\/table>\n<p style=\"text-align: center;\">\n<\/div>\n<p style=\"text-align: center;\">\u00a0<\/p>\n","protected":false},"excerpt":{"rendered":"<p>Quadri elettrici Qualita La produzione di armadi elettrici \u00e8 in conformit\u00e0 con la legge e le direttive di UE, che \u00e8 stato certificato dall\u2019istituto accreditato per determinati tipi di prodotti. La loro qualit\u00e0 \u00e8 stata dimostrata dalla Dichiarazione di conformit\u00e0 UE con il marchio CE, e la nostra esperienza pluriennale nella progettazione garantisce durata e [&hellip;]<\/p>\n","protected":false},"author":1,"featured_media":1202,"parent":0,"menu_order":0,"comment_status":"closed","ping_status":"closed","template":"","meta":{"inline_featured_image":false,"_exactmetrics_skip_tracking":false,"_exactmetrics_sitenote_active":false,"_exactmetrics_sitenote_note":"","_exactmetrics_sitenote_category":0,"footnotes":""},"acf":[],"_links":{"self":[{"href":"https:\/\/staging.work-ing.hr\/it\/wp-json\/wp\/v2\/pages\/1488"}],"collection":[{"href":"https:\/\/staging.work-ing.hr\/it\/wp-json\/wp\/v2\/pages"}],"about":[{"href":"https:\/\/staging.work-ing.hr\/it\/wp-json\/wp\/v2\/types\/page"}],"author":[{"embeddable":true,"href":"https:\/\/staging.work-ing.hr\/it\/wp-json\/wp\/v2\/users\/1"}],"replies":[{"embeddable":true,"href":"https:\/\/staging.work-ing.hr\/it\/wp-json\/wp\/v2\/comments?post=1488"}],"version-history":[{"count":7,"href":"https:\/\/staging.work-ing.hr\/it\/wp-json\/wp\/v2\/pages\/1488\/revisions"}],"predecessor-version":[{"id":1787,"href":"https:\/\/staging.work-ing.hr\/it\/wp-json\/wp\/v2\/pages\/1488\/revisions\/1787"}],"wp:featuredmedia":[{"embeddable":true,"href":"https:\/\/staging.work-ing.hr\/it\/wp-json\/wp\/v2\/media\/1202"}],"wp:attachment":[{"href":"https:\/\/staging.work-ing.hr\/it\/wp-json\/wp\/v2\/media?parent=1488"}],"curies":[{"name":"wp","href":"https:\/\/api.w.org\/{rel}","templated":true}]}}