{"id":1874,"date":"2017-02-06T09:17:43","date_gmt":"2017-02-06T09:17:43","guid":{"rendered":"https:\/\/work-ing.hr\/suncane-elektrane\/"},"modified":"2019-08-08T20:34:21","modified_gmt":"2019-08-08T20:34:21","slug":"solarkraftwerke","status":"publish","type":"page","link":"https:\/\/staging.work-ing.hr\/de\/solarkraftwerke\/","title":{"rendered":"Solarkraftwerke"},"content":{"rendered":"<h1>Solarkraftwerke<\/h1>\n<div class=\"scroll-anim\"><ul class=\"wrk-categories taxonomy-spp_types\" data-total-count=\"0 \"><li class=\"wrk-category term-ohne-verwaltung has-hover-text\"><a class=\"wrk-category-link\" href=\"https:\/\/staging.work-ing.hr\/de\/suncane-elektrane\/ohne-verwaltung\/\" data-count=\"0\" data-ratio=\".3\"><div class=\"wrk-category-icon-container\"><div class=\"wrk-icon-fill-space\"><div class=\"wrk-icon-fill-limit\" style=\"max-height:30%\"><div class=\"wrk-icon-fill\"><\/div><\/div><\/div><svg class=\"wrk-icon\"><use xlink:href=\"https:\/\/staging.work-ing.hr\/wp-content\/themes\/working\/images\/working_icons.svg#suncane_elektrane_1\"><\/use><\/svg><\/div><div class=\"wrk-category-title\">Ohne Verwaltung<\/div><div class=\"wrk-category-hover-text\">Grad des Eigenverbrauchs<\/div><div class=\"wrk-category-hover-value\">30% - 40%<\/div><\/a><\/li><li class=\"wrk-category term-mit-speicher-und-eigenem-magneten has-hover-text\"><a class=\"wrk-category-link\" href=\"https:\/\/staging.work-ing.hr\/de\/suncane-elektrane\/mit-speicher-und-eigenem-magneten\/\" data-count=\"0\" data-ratio=\".5\"><div class=\"wrk-category-icon-container\"><div class=\"wrk-icon-fill-space\"><div class=\"wrk-icon-fill-limit\" style=\"max-height:50%\"><div class=\"wrk-icon-fill\"><\/div><\/div><\/div><svg class=\"wrk-icon\"><use xlink:href=\"https:\/\/staging.work-ing.hr\/wp-content\/themes\/working\/images\/working_icons.svg#suncane_elektrane_2\"><\/use><\/svg><\/div><div class=\"wrk-category-title\">Mit Speicher und eigenem Magneten<\/div><div class=\"wrk-category-hover-text\">Grad des Eigenverbrauchs<\/div><div class=\"wrk-category-hover-value\">50%<\/div><\/a><\/li><li class=\"wrk-category term-mit-verwaltung has-hover-text\"><a class=\"wrk-category-link\" href=\"https:\/\/staging.work-ing.hr\/de\/suncane-elektrane\/mit-verwaltung\/\" data-count=\"0\" data-ratio=\".8\"><div class=\"wrk-category-icon-container\"><div class=\"wrk-icon-fill-space\"><div class=\"wrk-icon-fill-limit\" style=\"max-height:80%\"><div class=\"wrk-icon-fill\"><\/div><\/div><\/div><svg class=\"wrk-icon\"><use xlink:href=\"https:\/\/staging.work-ing.hr\/wp-content\/themes\/working\/images\/working_icons.svg#suncane_elektrane_3\"><\/use><\/svg><\/div><div class=\"wrk-category-title\">Mit Verwaltung<\/div><div class=\"wrk-category-hover-text\">Grad des Eigenverbrauchs<\/div><div class=\"wrk-category-hover-value\">80%<\/div><\/a><\/li><\/ul><\/div>\n<\/div><div class=\"wrk-insert-content  section-padded middle-silver-background scroll-anim\"><div class=\"site-skeleton\"><section class=\"wrk-section col-2 left section-padded\">\n<img decoding=\"async\" src=\"https:\/\/staging.work-ing.hr\/wp-content\/uploads\/2018\/09\/vlastita_potrosnja.png\" class=\"wrk-svg\" style=\"\">\n<\/section><section class=\"wrk-section col-2 right section-padded\">\n<h2>GENERELL ZUM VERBRAUCH UND ERZEUGUNG DER ELEKTRISCHEN ENERGIE<\/h2>\n<p>Unter <strong>dem eigenen Verbrauch an elektrischer Energie wird<\/strong> solche Energie verstanden, die direkt f\u00fcr eigene Bedarfe am Erzeugungsort ausgenutzt wird. Neben unterschiedlichen Faktoren, die die Effizienz\/Wirksamkeit eines Solarkraftwerks beeinflussen, es wird ein gro\u00dfer Wert auch darauf gelegt, einen hohen Grad an eigenen Verbrauch zu erreichen, der das Verh\u00e4ltnis zwischen der verbrauchten Energie am Erzeugungsort und der Gesamtmenge der erzeugten Energie aus eigenem Solarkraftwerk darstellt.<\/p>\n<\/section>\n<\/div>\n<\/div><div class=\"site-skeleton\"><\/div><div class=\"wrk-insert-content \"><div class=\"wrk-page-break white-color color-image yellow-dark-blue no-overlay scroll-anim\"><section class=\"wrk-section col-2 left content-padded wrk-no-list silver-color\">\n<h2>Warum Sonnenkraftwerke<\/h2>\n<h3>AKZEPTABLE INVESTITION<\/h3>\n<ul>\n<li>Mit technologischen Errungenschaften werden Investitionen in moderne Sonnenkraftwerke im Vergleich zu anderen Kraftwerkstypen f\u00fcr erneubare Energiequellen deutlich geringer. <\/li>\n<\/ul>\n<h3>EINSPARUNG VON GELD <\/h3>\n<ul>\n<li>Energiekosten aus Sonnenkraftwerk sind geringer als Energiekosten aus dem Stromnetz, sodass Sie auf ihrem Stromkonto erheblich sparen k\u00f6nnen.<\/li>\n<\/ul>\n<h3>ERHALTUNG DER UMWELT <\/h3>\n<ul>\n<li>Sonnenkraftwerke zeichnen sich durch einen deutlich geringeren negativen Einfluss auf Umwelt aus, w\u00e4hrend die Solarenergie eine \u00f6kologisch reine, unbegrenzte und zuverl\u00e4ssige Energiequelle darstellt. <\/li>\n<\/ul>\n<h3>ENERGETISCHE UNABH\u00c4NGIGKEIT<\/h3>\n<ul>\n<li>Energie aus einem Solarkraftwerk ist f\u00fcr die Umwandlung in andere Energieformen geeignet sowie f\u00fcr Speicherung und sp\u00e4teren Verbrauch, was ihren Verbrauch durch Tag und Nacht erm\u00f6glicht. <\/li>\n<\/ul>\n<\/section><section class=\"wrk-section col-2 left content-padded wrk-no-list yellow-color\">\n<h2>Warum Work-ing<\/h2>\n<h3>PROFESSIONELLES PERSONAL<\/h3>\n<ul>\n<li>Wir verf\u00fcgen \u00fcber ein fachliches, qualifiziertes und zertifiziertes Personal f\u00fcr eine hochwertige Planung, Bau und Pr\u00fcfung ihres Sonnenkraftwerkes. <\/li>\n<\/ul>\n<h3>VOLLST\u00c4NDIGE DIENSTLEISTUNG<\/h3>\n<ul>\n<li>Vollst\u00e4ndige Dienstleistung f\u00fcr Ihr Sonnenkraftwerk umfasst auch Wartung, autorisierten Service der Ausr\u00fcstung, Kontrolle und Notfallreparaturen im Fehlerfall. <\/li>\n<\/ul>\n<h3>ZUVERL\u00c4SSIGE L\u00d6SUNG<\/h3>\n<ul>\n<li>Die Vielfalt, der Zweck und die Vollst\u00e4ndigkeit der technischen L\u00f6sung basieren auf der Analyse Ihrer gegenw\u00e4rtigen und zuk\u00fcnftigen Bed\u00fcrfnisse. <\/li>\n<\/ul>\n<h3>PREIS UND QUALIT\u00c4T<\/h3>\n<ul>\n<li>Durch die Auswahl hochwertiger Ausr\u00fcstung und die Qualit\u00e4tskontrolle in allen Phasen der Investitionsumsetzung garantieren wir das beste Preis- und Qualit\u00e4tsverh\u00e4ltnis. <\/li>\n<\/ul>\n<h3>WIR SIND F\u00dcR SIE DA<\/h3>\n<ul>\n<li>Erreichbarkeit des Personals, die F\u00e4higkeit, in allen Phasen Ihrer Entscheidung zu kommunizieren, zu beraten und zu unterst\u00fctzen. <\/li>\n<\/ul>\n<\/section><div class=\"wrk-page-break-img-div\" style=\"background-image:url(https:\/\/staging.work-ing.hr\/wp-content\/uploads\/2017\/02\/ZASTO-SE-I-W.jpg);\"><\/div><\/div>\n<\/div><div class=\"site-skeleton\">\n<\/div><div class=\"wrk-insert-content  section-padded middle-silver-background\"><h2 style=\"text-align: center;\">5 SCHRITTE ZUR EIGENEN ENERGIEERZEUGUNG<\/h2>\n<p style=\"text-align: center;\"><div data-instance-number=\"2\"\n\t\t\t\t\tclass=\"image-gallery  slider\"\n\t\t\t\t\tid=\"wrk-image-gallery-2\"\n\t\t\t\t\t\n\t\t\t\t\t><div class=\"image-gallery-slides\"><div class=\"image-gallery-slide overlay\"><div class=\"site-skeleton\"><h3 style=\"text-align: center;\">Erstellung der Analyse und des Angebots<\/h3>\n<p style=\"text-align: center;\"><img decoding=\"async\" src=\"https:\/\/staging.work-ing.hr\/wp-content\/uploads\/2017\/02\/5-koraka-sunce-1.svg\" class=\"wrk-svgcontent padded\" style=\" width:20%\">\n<p style=\"text-align: center;\">Wir erstellen f\u00fcr Sie die Analyse der M\u00f6glichkeiten des Solarkraftwerksbaus und das individuelle Angebot im Bezug auf den Standort des Objektes, den Verbrauch sowie die Ausrichtung und die Neigung ihres Daches. <\/p>\n<p style=\"text-align: center;\">\n<\/div><\/div><div class=\"image-gallery-slide overlay\"><div class=\"site-skeleton\"><h3 style=\"text-align: center;\">Beratung und Finanzierung<\/h3>\n<p style=\"text-align: center;\"><img decoding=\"async\" src=\"https:\/\/staging.work-ing.hr\/wp-content\/uploads\/2017\/02\/5-koraka-sunce-2.svg\" class=\"wrk-svgcontent padded\" style=\" width:20%\">\n<p style=\"text-align: center;\">Im Gespr\u00e4ch mit Ihnen stellen wir Ihnen alle Details der erstellten Analyse sowie die M\u00f6glichkeiten der Finanzierung der Investitionen aus europ\u00e4ischen und anderen Fonds vor.<\/p>\n<p style=\"text-align: center;\">\n<\/div><\/div><div class=\"image-gallery-slide overlay\"><div class=\"site-skeleton\"><h3 style=\"text-align: center;\">Projektierung<\/h3>\n<p style=\"text-align: center;\"><img decoding=\"async\" src=\"https:\/\/staging.work-ing.hr\/wp-content\/uploads\/2017\/02\/5-koraka-sunce-3.svg\" class=\"wrk-svgcontent padded\" style=\" width:20%\">\n<p style=\"text-align: center;\">Wir werden Ihre Bed\u00fcrfnisse und M\u00f6glichkeiten bis ins Detail analysieren und das Hauptprojekt mit dem Kostenvoranschlag eines zweckm\u00e4\u00dfigen Sonnenkraftwerks erstellen.<\/p>\n<p style=\"text-align: center;\">\n<\/div><\/div><div class=\"image-gallery-slide overlay\"><div class=\"site-skeleton\"><h3 style=\"text-align: center;\">Montage <\/h3>\n<p style=\"text-align: center;\"><img decoding=\"async\" src=\"https:\/\/staging.work-ing.hr\/wp-content\/uploads\/2017\/02\/5-koraka-sunce-4.svg\" class=\"wrk-svgcontent padded\" style=\" width:20%\">\n<p style=\"text-align: center;\">Fachkompetenz, hochwertige Vorbereitung, Statikpr\u00fcfung und Anpassung an Ihr Dach gew\u00e4hrleisten einen einwandfreien Betrieb, und unserem Expertenteam eine schnelle und einfache Montage erm\u00f6glicht. <\/p>\n<p style=\"text-align: center;\">\n<\/div><\/div><div class=\"image-gallery-slide overlay\"><div class=\"site-skeleton\"><h3 style=\"text-align: center;\">Pr\u00fcfung, Qualit\u00e4tsmessung und Anschluss <\/h3>\n<p style=\"text-align: center;\"><img decoding=\"async\" src=\"https:\/\/staging.work-ing.hr\/wp-content\/uploads\/2017\/02\/5-koraka-sunce-5.svg\" class=\"wrk-svgcontent padded\" style=\" width:20%\">\n<p style=\"text-align: center;\">Wir werden die Qualit\u00e4t der elektrischen Energie messen und sicherstellen, dass alles in \u00dcbereinstimmung mit den relevanten Vorschriften, Normen und Gesetzen erstellt ist, und wir werden Ihnen dann helfen, die Zustimmung und den elektrischen Kontakt zu erhalten. <\/p>\n<p style=\"text-align: center;\">\n<\/div><\/div><div class=\"image-gallery-slide overlay\"><div class=\"site-skeleton\"><h3 style=\"text-align: center;\">Permanenter Antrieb<\/h3>\n<p style=\"text-align: center;\"><img decoding=\"async\" src=\"https:\/\/staging.work-ing.hr\/wp-content\/uploads\/2017\/02\/5-koraka-sunce-6.svg\" class=\"wrk-svgcontent padded\" style=\" width:20%\">\n<p style=\"text-align: center;\">Mit dem elektrischen Kontakt und Erf\u00fcllung der Einwilligungsbedingungen erhalten Sie das Erlaubnis f\u00fcr einen permanenten Antrieb und k\u00f6nnen anfangen, ihre eigene, \u00f6kologisch saubere und erneubare Energie zu erzeugen. <\/p>\n<p style=\"text-align: center;\">\n<\/div><\/div><\/div><\/div><\/p>\n<\/div><div class=\"site-skeleton\"><\/div><div class=\"wrk-insert-content  section-padded-top\"><h2 style=\"text-align: center;\">Referenzen<\/h2>\n<p style=\"text-align: center;\"><div id=\"google-map\"><div class=\"google-maps-loader\"><i class=\"fa fa-spinner fa-pulse fa-3x fa-fw\"><\/i><\/div><!-- \/.google-maps-loader --><\/div><!-- \/#google-map -->\n<\/div><div class=\"site-skeleton\">\n","protected":false},"excerpt":{"rendered":"<p>Solarkraftwerke<\/p>\n","protected":false},"author":1,"featured_media":1854,"parent":0,"menu_order":0,"comment_status":"closed","ping_status":"closed","template":"","meta":{"inline_featured_image":false,"_exactmetrics_skip_tracking":false,"_exactmetrics_sitenote_active":false,"_exactmetrics_sitenote_note":"","_exactmetrics_sitenote_category":0,"footnotes":""},"acf":[],"_links":{"self":[{"href":"https:\/\/staging.work-ing.hr\/de\/wp-json\/wp\/v2\/pages\/1874"}],"collection":[{"href":"https:\/\/staging.work-ing.hr\/de\/wp-json\/wp\/v2\/pages"}],"about":[{"href":"https:\/\/staging.work-ing.hr\/de\/wp-json\/wp\/v2\/types\/page"}],"author":[{"embeddable":true,"href":"https:\/\/staging.work-ing.hr\/de\/wp-json\/wp\/v2\/users\/1"}],"replies":[{"embeddable":true,"href":"https:\/\/staging.work-ing.hr\/de\/wp-json\/wp\/v2\/comments?post=1874"}],"version-history":[{"count":2,"href":"https:\/\/staging.work-ing.hr\/de\/wp-json\/wp\/v2\/pages\/1874\/revisions"}],"predecessor-version":[{"id":1877,"href":"https:\/\/staging.work-ing.hr\/de\/wp-json\/wp\/v2\/pages\/1874\/revisions\/1877"}],"wp:featuredmedia":[{"embeddable":true,"href":"https:\/\/staging.work-ing.hr\/de\/wp-json\/wp\/v2\/media\/1854"}],"wp:attachment":[{"href":"https:\/\/staging.work-ing.hr\/de\/wp-json\/wp\/v2\/media?parent=1874"}],"curies":[{"name":"wp","href":"https:\/\/api.w.org\/{rel}","templated":true}]}}