{"id":1871,"date":"2017-01-05T12:50:15","date_gmt":"2017-01-05T12:50:15","guid":{"rendered":"http:\/\/work-ing.hr\/o-nama\/"},"modified":"2019-08-08T20:03:12","modified_gmt":"2019-08-08T20:03:12","slug":"ueber-uns","status":"publish","type":"page","link":"https:\/\/staging.work-ing.hr\/de\/ueber-uns\/","title":{"rendered":"\u00dcber uns"},"content":{"rendered":"<h1>Wer sind wir<\/h1>\n<p>Das Unternehmen Work-ing d.o.o. befasst sich mit der Planung und Herstellung von Niederspannungsschaltanlagen f\u00fcr Bed\u00fcrfnisse der Elektroverteilung, der Industrie und des Wohnungsbaus; mit Planung, Installation und Pr\u00fcfung von Solarkraftwerken.<\/p>\n<p><!--more--><\/p>\n<p>Die Struktur der Mitarbeiter besteht aus Ingenieuren, Elektroingenieuren, Mechanikern und Kaufleuten. Unser 25-k\u00f6pfiges Team sorgt daf\u00fcr, dass die Produkte und Anlagen ordnungsgem\u00e4\u00df montiert und gem\u00e4\u00df den Standards, Bed\u00fcrfnissen und W\u00fcnschen der Kunden geliefert werden.<\/p>\n<p>Mit unserer eigenen Entwicklung, bei der einheimische Produkte und Produkte namhafter europ\u00e4ischer Hersteller sowie die gesch\u00e4ftliche und technische Zusammenarbeit mit Unternehmen in Kroatien und Europa einbezogen werden, erwarten wir, dass wir auf dem in- und ausl\u00e4ndischen Markt wettbewerbsf\u00e4hig sein werden und dabei qualitativ hochwertige Produkte anbieten k\u00f6nnen.<\/p>\n<p>Unser Ziel ist es, das f\u00fchrende Unternehmen in Kroatien im Bereich der Herstellung und Ausstattung von Netzwerkschr\u00e4nken und Energieffizienz- und erneubaren Energieprojekten, zugleich ein angesehenes Unternehmen in europ\u00e4ischen L\u00e4ndern zu werden. <br \/>\nUnser zuk\u00fcnftiges Gesch\u00e4ft basiert auf Investitionen in die Schulung der Mitarbeiter, auf der Verwaltung des Qualit\u00e4tsmanagementsystems ISO 9001:2015 und auf der Entwicklung; alles mit dem Ziel, unseren Kunden einen besseren und umfassenderen Service bieten zu k\u00f6nnen.<\/p>\n<p>&nbsp;<\/p>\n","protected":false},"excerpt":{"rendered":"<p>Wer sind wir Das Unternehmen Work-ing d.o.o. befasst sich mit der Planung und Herstellung von Niederspannungsschaltanlagen f\u00fcr Bed\u00fcrfnisse der Elektroverteilung, der Industrie und des Wohnungsbaus; mit Planung, Installation und Pr\u00fcfung von Solarkraftwerken.<\/p>\n","protected":false},"author":1,"featured_media":0,"parent":0,"menu_order":0,"comment_status":"closed","ping_status":"closed","template":"page-o-nama.php","meta":{"inline_featured_image":false,"_exactmetrics_skip_tracking":false,"_exactmetrics_sitenote_active":false,"_exactmetrics_sitenote_note":"","_exactmetrics_sitenote_category":0,"footnotes":""},"acf":[],"_links":{"self":[{"href":"https:\/\/staging.work-ing.hr\/de\/wp-json\/wp\/v2\/pages\/1871"}],"collection":[{"href":"https:\/\/staging.work-ing.hr\/de\/wp-json\/wp\/v2\/pages"}],"about":[{"href":"https:\/\/staging.work-ing.hr\/de\/wp-json\/wp\/v2\/types\/page"}],"author":[{"embeddable":true,"href":"https:\/\/staging.work-ing.hr\/de\/wp-json\/wp\/v2\/users\/1"}],"replies":[{"embeddable":true,"href":"https:\/\/staging.work-ing.hr\/de\/wp-json\/wp\/v2\/comments?post=1871"}],"version-history":[{"count":2,"href":"https:\/\/staging.work-ing.hr\/de\/wp-json\/wp\/v2\/pages\/1871\/revisions"}],"predecessor-version":[{"id":1873,"href":"https:\/\/staging.work-ing.hr\/de\/wp-json\/wp\/v2\/pages\/1871\/revisions\/1873"}],"wp:attachment":[{"href":"https:\/\/staging.work-ing.hr\/de\/wp-json\/wp\/v2\/media?parent=1871"}],"curies":[{"name":"wp","href":"https:\/\/api.w.org\/{rel}","templated":true}]}}