{"id":1847,"date":"2017-02-06T09:03:21","date_gmt":"2017-02-06T09:03:21","guid":{"rendered":"https:\/\/work-ing.hr\/elektro-ormari\/"},"modified":"2019-08-08T19:36:26","modified_gmt":"2019-08-08T19:36:26","slug":"netzwerkschraenke","status":"publish","type":"page","link":"https:\/\/staging.work-ing.hr\/de\/netzwerkschraenke\/","title":{"rendered":"Netzwerkschr\u00e4nke"},"content":{"rendered":"<h1>Netzwerkschr\u00e4nke<\/h1>\n<div class=\"scroll-anim\"><ul class=\"wrk-categories taxonomy-ec_types\" data-total-count=\"15 \"><li class=\"wrk-category term-selbststehende\"><a class=\"wrk-category-link\" href=\"https:\/\/staging.work-ing.hr\/de\/elektro-ormari\/selbststehende\/\" data-count=\"5\" data-ratio=\"0.33\"><div class=\"wrk-category-icon-container\"><div class=\"wrk-icon-fill-space\"><div class=\"wrk-icon-fill-limit\" style=\"max-height:33%\"><div class=\"wrk-icon-fill\"><\/div><\/div><\/div><img decoding=\"async\" class=\"wrk-icon-image\" src=\"https:\/\/staging.work-ing.hr\/wp-content\/uploads\/2018\/09\/samostojeci_prazni-139x300.png\" srcset=\"https:\/\/staging.work-ing.hr\/wp-content\/uploads\/2018\/09\/samostojeci_prazni-139x300.png 139w, https:\/\/staging.work-ing.hr\/wp-content\/uploads\/2018\/09\/samostojeci_prazni-236x510.png 236w, https:\/\/staging.work-ing.hr\/wp-content\/uploads\/2018\/09\/samostojeci_prazni.png 341w\" alt=\"\"><img decoding=\"async\" class=\"wrk-icon-image hover\" src=\"https:\/\/staging.work-ing.hr\/wp-content\/uploads\/2018\/09\/samostojeci_puni-142x300.png\" srcset=\"https:\/\/staging.work-ing.hr\/wp-content\/uploads\/2018\/09\/samostojeci_puni-142x300.png 142w, https:\/\/staging.work-ing.hr\/wp-content\/uploads\/2018\/09\/samostojeci_puni-241x510.png 241w, https:\/\/staging.work-ing.hr\/wp-content\/uploads\/2018\/09\/samostojeci_puni.png 357w\" alt=\"\"><\/div><div class=\"wrk-category-title\">Selbststehende<\/div><\/a><\/li><li class=\"wrk-category term-leergehause\"><a class=\"wrk-category-link\" href=\"https:\/\/staging.work-ing.hr\/de\/elektro-ormari\/leergehause\/\" data-count=\"1\" data-ratio=\"0.07\"><div class=\"wrk-category-icon-container\"><div class=\"wrk-icon-fill-space\"><div class=\"wrk-icon-fill-limit\" style=\"max-height:7%\"><div class=\"wrk-icon-fill\"><\/div><\/div><\/div><img decoding=\"async\" class=\"wrk-icon-image\" src=\"https:\/\/staging.work-ing.hr\/wp-content\/uploads\/2018\/09\/prazna_prazni-214x300.png\" srcset=\"https:\/\/staging.work-ing.hr\/wp-content\/uploads\/2018\/09\/prazna_prazni-214x300.png 214w, https:\/\/staging.work-ing.hr\/wp-content\/uploads\/2018\/09\/prazna_prazni-363x510.png 363w, https:\/\/staging.work-ing.hr\/wp-content\/uploads\/2018\/09\/prazna_prazni.png 383w\" alt=\"\"><img decoding=\"async\" class=\"wrk-icon-image hover\" src=\"https:\/\/staging.work-ing.hr\/wp-content\/uploads\/2018\/09\/prazna_puni-214x300.png\" srcset=\"https:\/\/staging.work-ing.hr\/wp-content\/uploads\/2018\/09\/prazna_puni-214x300.png 214w, https:\/\/staging.work-ing.hr\/wp-content\/uploads\/2018\/09\/prazna_puni-364x510.png 364w, https:\/\/staging.work-ing.hr\/wp-content\/uploads\/2018\/09\/prazna_puni.png 399w\" alt=\"\"><\/div><div class=\"wrk-category-title\">Leergeh\u00e4use<\/div><\/a><\/li><li class=\"wrk-category term-umspannwerk\"><a class=\"wrk-category-link\" href=\"https:\/\/staging.work-ing.hr\/de\/elektro-ormari\/umspannwerk\/\" data-count=\"2\" data-ratio=\"0.13\"><div class=\"wrk-category-icon-container\"><div class=\"wrk-icon-fill-space\"><div class=\"wrk-icon-fill-limit\" style=\"max-height:13%\"><div class=\"wrk-icon-fill\"><\/div><\/div><\/div><img decoding=\"async\" class=\"wrk-icon-image\" src=\"https:\/\/staging.work-ing.hr\/wp-content\/uploads\/2018\/09\/trafo_prazni-210x300.png\" srcset=\"https:\/\/staging.work-ing.hr\/wp-content\/uploads\/2018\/09\/trafo_prazni-210x300.png 210w, https:\/\/staging.work-ing.hr\/wp-content\/uploads\/2018\/09\/trafo_prazni-357x510.png 357w, https:\/\/staging.work-ing.hr\/wp-content\/uploads\/2018\/09\/trafo_prazni.png 525w\" alt=\"\"><img decoding=\"async\" class=\"wrk-icon-image hover\" src=\"https:\/\/staging.work-ing.hr\/wp-content\/uploads\/2018\/09\/trafo_puni-212x300.png\" srcset=\"https:\/\/staging.work-ing.hr\/wp-content\/uploads\/2018\/09\/trafo_puni-212x300.png 212w, https:\/\/staging.work-ing.hr\/wp-content\/uploads\/2018\/09\/trafo_puni-360x510.png 360w, https:\/\/staging.work-ing.hr\/wp-content\/uploads\/2018\/09\/trafo_puni.png 530w\" alt=\"\"><\/div><div class=\"wrk-category-title\">Umspannwerk<\/div><\/a><\/li><li class=\"wrk-category term-einbaukasten\"><a class=\"wrk-category-link\" href=\"https:\/\/staging.work-ing.hr\/de\/elektro-ormari\/einbaukasten\/\" data-count=\"7\" data-ratio=\"0.47\"><div class=\"wrk-category-icon-container\"><div class=\"wrk-icon-fill-space\"><div class=\"wrk-icon-fill-limit\" style=\"max-height:47%\"><div class=\"wrk-icon-fill\"><\/div><\/div><\/div><img decoding=\"async\" class=\"wrk-icon-image\" src=\"https:\/\/staging.work-ing.hr\/wp-content\/uploads\/2018\/09\/ugradbeni_prazni-199x300.png\" srcset=\"https:\/\/staging.work-ing.hr\/wp-content\/uploads\/2018\/09\/ugradbeni_prazni-199x300.png 199w, https:\/\/staging.work-ing.hr\/wp-content\/uploads\/2018\/09\/ugradbeni_prazni-338x510.png 338w, https:\/\/staging.work-ing.hr\/wp-content\/uploads\/2018\/09\/ugradbeni_prazni.png 378w\" alt=\"\"><img decoding=\"async\" class=\"wrk-icon-image hover\" src=\"https:\/\/staging.work-ing.hr\/wp-content\/uploads\/2018\/09\/ugradbeni_puni-200x300.png\" srcset=\"https:\/\/staging.work-ing.hr\/wp-content\/uploads\/2018\/09\/ugradbeni_puni-200x300.png 200w, https:\/\/staging.work-ing.hr\/wp-content\/uploads\/2018\/09\/ugradbeni_puni-340x510.png 340w, https:\/\/staging.work-ing.hr\/wp-content\/uploads\/2018\/09\/ugradbeni_puni.png 381w\" alt=\"\"><\/div><div class=\"wrk-category-title\">Einbauk\u00e4sten<\/div><\/a><\/li><\/ul><\/div>\n<\/div><div class=\"wrk-insert-content  section-padded middle-silver-background scroll-anim\"><div class=\"site-skeleton\"><section class=\"wrk-section col-2 left section-padded\">\n<object type=\"image\/svg+xml\" data=\"https:\/\/staging.work-ing.hr\/wp-content\/uploads\/2017\/02\/elektro_ormar_plan.svg\" class=\"wrk-svg\"><\/object>\n<\/section><section class=\"wrk-section col-2 right section-padded\">\n<h2>EINF\u00dcHRUNG<\/h2>\n<p style=\"text-align: center;\">Wir stellen alle Typen der Netzwerkschr\u00e4nke f\u00fcr die Energieverteilung, die Industrie und den Wohnungsbau her, von einfachen Hausanschlussschr\u00e4nken bis zu KLW-Niederspannungsbl\u00f6cken und Gleichstromverteilungen in Umspannwerken. Au\u00dfer der Netzwerkschr\u00e4nkek\u00f6nnen wir automatisierte Systeme mit SPS-Steuerung und Schr\u00e4nke f\u00fcr Erzeuger und Verbraucher der elektrischen Energie.<\/p>\n<\/section>\n<\/div>\n<\/div><div class=\"site-skeleton\"><\/div><div class=\"wrk-insert-content \"><div class=\"wrk-page-break white-dark-blue no-overlay transparent-image color-image scroll-anim\"><div class=\"site-skeleton\"><section class=\"wrk-section col-2 wrk-no-list left content-padded dark-blue-color\">\n<h2>HAUPTMERKMALE<\/h2>\n<ul>\n<li style=\"text-align: center;\">F\u00fcr \u00f6ffentlichen Netzwerkanschluss nach den Bedingungen der Installation, des Netzbetreibers und der zugeh\u00f6rigen Kabelb\u00e4ume geeignet<\/li>\n<li style=\"text-align: center;\">M\u00f6glichkeit des Einbaus aller Standardtypen der Ger\u00e4te f\u00fcr den Anschluss, den Schutz und die Begrenzung des Verbrauchs von elektrischer Energi.<\/li>\n<li style=\"text-align: center;\">M\u00f6glichkeit des Einbaus von Mess- und Tarifger\u00e4ten jeglicher Art<\/li>\n<li style=\"text-align: center;\">Hohe Best\u00e4ndigkeit gegen Witterungseinfl\u00fcsse, UV-Strahlen, mechanische Besch\u00e4digungen<\/li>\n<li style=\"text-align: center;\">M\u00f6glichkeit des Einbaus in fast allen Innen- und Au\u00dfenr\u00e4umen<\/li>\n<li style=\"text-align: center;\">Hergestellte Netzwerkschr\u00e4nke sind f\u00fcr den Anschluss an das \u00f6ffentliche Netz nach den Bedingungen der Installation, des Netzbetreibers und der zugeh\u00f6rigen Kabelb\u00e4ume geeignet. Ihre Form und Dimensionen erm\u00f6glichen den Einbau aller Standardtypen der Ger\u00e4te f\u00fcr den Anschluss, den Schutz und die Begrenzung des Verbrauchs der elektrischen Energie sowie den Einbau aller Typen von Mess- und Tarifger\u00e4ten. Sie zeichnen sich durch hohe Best\u00e4ndigkeit gegen Witterungseinfl\u00fcsse, UV-Strahlen und mechanische Besch\u00e4digungen und k\u00f6nnen in fast alle Innen- und Au\u00dfenr\u00e4ume eingebaut werden.\u00a0<\/li>\n<\/ul>\n<\/section><section class=\"wrk-section col-2 wrk-no-list right content-padded silver-color\">\n<h2>Tehni\u010dke zna\u010dajke<\/h2>\n<ul>\n<li style=\"text-align: center;\">Auf der Technologie und den Teilen nach Anforderungen der Kunden, sowie nach der Anpassungsf\u00e4higkeit zu Bedingungen des Raumes, in den sie eingebaut werden basierte Herstellung.<\/li>\n<li style=\"text-align: center;\">Geh\u00e4usen der Schr\u00e4nke k\u00f6nnen bei Bedarf aus Metall (Inox, Eisen, Aluminium) oder aus gepresstem Polyester hergestellt werden.<\/li>\n<li style=\"text-align: center;\">Schutzart der Ger\u00e4te gegen \u00e4u\u00dfere mechanische St\u00f6\u00dfe IK 10 und Schutzart durch Geh\u00e4use von IP44 bis IP66<\/li>\n<li style=\"text-align: center;\">Standardfarbe des Schranks ist RAL 7032, mit der M\u00f6glichkeit seiner F\u00e4rbung nach Wunsch.<\/li>\n<li style=\"text-align: center;\">Einheitliche Schrankabmessungen und die Anordnung der einzelnen Schrankelemente gew\u00e4hrleisten eine sichere Bedienung und Benutzerfreundlichkeit<\/li>\n<li>Herstellung der Netzwerkschr\u00e4nke basiert auf der Technologie und den Teilen nach Anforderungen der Kunden, sowie nach der Anpassungsf\u00e4higkeit zu Bedingungen des Raumes, in den sie eingebaut werden. Geh\u00e4user der Schr\u00e4nke k\u00f6nnen bei Bedarf aus Metall (Inox, Eisen, Aluminium) oder aus gepresstem Polyester hergestellt werden. Netzwerkschr\u00e4nke haben Schutzart der Ger\u00e4te gegen \u00e4u\u00dfere mechanische St\u00f6\u00df\u00e9 IK 10 und Schutzart durch Geh\u00e4use von IP 44 bis IP 66, abh\u00e4ngig von den Bed\u00fcrfnissen der Kunden. Standardfarbe des Schranks ist RAL 7032, mit der M\u00f6glichkeit seiner F\u00e4rbung nach Wunsch. Einheitliche Schrankabmessungen und die Anordnung der einzelnen Schrankelemente gew\u00e4hrleisten eine sichere Bedienung und Benutzerfreundlichkeit.<\/li>\n<\/ul>\n<\/section>\n<\/div><div class=\"wrk-page-break-img-div\" style=\"background-image:url(https:\/\/staging.work-ing.hr\/wp-content\/uploads\/2017\/02\/naslovna-ormari.png);\"><\/div><\/div>\n<\/div><div class=\"site-skeleton\">\n<h2 style=\"text-align: center;\">QUALIT\u00c4T<\/h2>\n<p class=\"animated-paragraph\" style=\"text-align: center;\">Herstellung der ausgestatteten Netzwerkschr\u00e4nke ist nach dem Gesetz und den EU-Richtlinien geregelt, was mit dem Zertifikat einer akkreditierten Institution f\u00fcr bestimmte Arten von Produkten, je nach ihrem Verwendungszweck, bewiesen wird. Die EU-Konformit\u00e4tserkl\u00e4rung und die CE-Kennzeichnung haben ihre Qualit\u00e4t bewiesen, und unsere langj\u00e4hrige Erfahrung in der Entwicklung und Konstruktion garantiert Langlebigkeit und einfache Wartung.<\/p>\n<p class=\"animated-paragraph\" style=\"text-align: center;\"><img loading=\"lazy\" decoding=\"async\" class=\"image-no-shadow alignnone wp-image-440 size-medium\" src=\"https:\/\/staging.work-ing.hr\/wp-content\/uploads\/2017\/02\/wrk_kvaliteta-300x78.png\" alt=\"\" width=\"300\" height=\"78\" srcset=\"https:\/\/staging.work-ing.hr\/wp-content\/uploads\/2017\/02\/wrk_kvaliteta-300x78.png 300w, https:\/\/staging.work-ing.hr\/wp-content\/uploads\/2017\/02\/wrk_kvaliteta.png 759w\" sizes=\"(max-width: 300px) 100vw, 300px\" \/><\/p>\n<p style=\"text-align: center;\">\u00a0<\/p>\n<h2 style=\"text-align: center;\">ANGEWANDTE NORMEN<\/h2>\n<p class=\"animated-paragraph\" style=\"text-align: center;\">Netzwerkschr\u00e4nke sind mit der neuen Norm HRN EN 61439 harmonisiert:<\/p>\n<p style=\"text-align: center;\"><div class=\"wrk-responsive-table\"><table class=\"norms-table animated-paragraph\" cellspacing=\"1\" cellpadding=\"1\">\n<tbody>\n<tr>\n<td>HRN\u00a0EN 62208:2012<\/td>\n<td>IEC\/TR 61439-0:2013-04<\/td>\n<td>HRN\u00a0EN 61439-1:2012<\/td>\n<td>HRN\u00a0EN 61439-2:2012<\/td>\n<td>HRN\u00a0EN 61439-3:2012<\/td>\n<td>HRN\u00a0EN 61439-4:2013<\/td>\n<td>HRN\u00a0EN 61439-5:2015<\/td>\n<\/tr>\n<tr>\n<td>Leergeh\u00e4use f\u00fcr Niederspannungs-Schaltger\u00e4tekombinationen \u2013 Allgemeine Anforderungen<\/td>\n<td>Low voltage switchgear and controlgear assemblies \u2013 Part 0: Guidance to specifying assemblies (Planning Guide)<\/td>\n<td>Niederspannungs-Schaltger\u00e4tekombinationen \u2013 Teil 1: Allgemeine Festlegungen<\/td>\n<td>Niederspannungs-Schaltger\u00e4tekombinationen \u2013 Teil 2: Energie-Schaltger\u00e4tekombinationen (PSC)<\/td>\n<td>Niederspannungs-Schaltger\u00e4tekombinationen \u2013 Teil 3: Installationsverteiler f\u00fcr die Bedienung durch Laien (DBO)<\/td>\n<td>Niederspannungs-Schaltger\u00e4tekombinationen \u2013 Teil 4: Baustromverteiler (BV)<\/td>\n<td>Niederspannungs-Schaltger\u00e4tekombinationen \u2013 Teil 5: Schaltger\u00e4te-Kombinationen in \u00f6ffentlichen Energieverteilungsnetzen<\/td>\n<\/tr>\n<\/tbody>\n<\/table>\n<p style=\"text-align: center;\">\n<\/div>\n<p style=\"text-align: center;\">\u00a0<\/p>\n","protected":false},"excerpt":{"rendered":"<p>Netzwerkschr\u00e4nke QUALIT\u00c4T Herstellung der ausgestatteten Netzwerkschr\u00e4nke ist nach dem Gesetz und den EU-Richtlinien geregelt, was mit dem Zertifikat einer akkreditierten Institution f\u00fcr bestimmte Arten von Produkten, je nach ihrem Verwendungszweck, bewiesen wird. Die EU-Konformit\u00e4tserkl\u00e4rung und die CE-Kennzeichnung haben ihre Qualit\u00e4t bewiesen, und unsere langj\u00e4hrige Erfahrung in der Entwicklung und Konstruktion garantiert Langlebigkeit und einfache Wartung. [&hellip;]<\/p>\n","protected":false},"author":1,"featured_media":1849,"parent":0,"menu_order":0,"comment_status":"closed","ping_status":"closed","template":"","meta":{"inline_featured_image":false,"_exactmetrics_skip_tracking":false,"_exactmetrics_sitenote_active":false,"_exactmetrics_sitenote_note":"","_exactmetrics_sitenote_category":0,"footnotes":""},"acf":[],"_links":{"self":[{"href":"https:\/\/staging.work-ing.hr\/de\/wp-json\/wp\/v2\/pages\/1847"}],"collection":[{"href":"https:\/\/staging.work-ing.hr\/de\/wp-json\/wp\/v2\/pages"}],"about":[{"href":"https:\/\/staging.work-ing.hr\/de\/wp-json\/wp\/v2\/types\/page"}],"author":[{"embeddable":true,"href":"https:\/\/staging.work-ing.hr\/de\/wp-json\/wp\/v2\/users\/1"}],"replies":[{"embeddable":true,"href":"https:\/\/staging.work-ing.hr\/de\/wp-json\/wp\/v2\/comments?post=1847"}],"version-history":[{"count":3,"href":"https:\/\/staging.work-ing.hr\/de\/wp-json\/wp\/v2\/pages\/1847\/revisions"}],"predecessor-version":[{"id":1858,"href":"https:\/\/staging.work-ing.hr\/de\/wp-json\/wp\/v2\/pages\/1847\/revisions\/1858"}],"wp:featuredmedia":[{"embeddable":true,"href":"https:\/\/staging.work-ing.hr\/de\/wp-json\/wp\/v2\/media\/1849"}],"wp:attachment":[{"href":"https:\/\/staging.work-ing.hr\/de\/wp-json\/wp\/v2\/media?parent=1847"}],"curies":[{"name":"wp","href":"https:\/\/api.w.org\/{rel}","templated":true}]}}