{"id":1793,"date":"2017-02-06T09:18:09","date_gmt":"2017-02-06T09:18:09","guid":{"rendered":"https:\/\/work-ing.hr\/energetska-ucinkovitost\/"},"modified":"2019-08-08T19:24:27","modified_gmt":"2019-08-08T19:24:27","slug":"energieeffizienz","status":"publish","type":"page","link":"https:\/\/staging.work-ing.hr\/de\/energieeffizienz\/","title":{"rendered":"Energieeffizienz"},"content":{"rendered":"<h1 class=\"main-heading\">Energieeffizienz<\/h1>\n<div class=\"scroll-anim\">\n<ul class=\"wrk-categories energetska-ucinkovitost\" data-total-count=\"0\"><li class=\"wrk-category\"><a class=\"wrk-category-link\" href=\"\" data-ratio=\"\"><div class=\"wrk-category-icon-container\"><div class=\"wrk-icon-fill-space no-fill\"><div class=\"wrk-icon-fill-limit\" style=\"max-height:0%\"><div class=\"wrk-icon-fill\"><\/div><\/div><\/div><img decoding=\"async\" class=\"wrk-icon-image\" src=\"https:\/\/staging.work-ing.hr\/wp-content\/uploads\/2018\/06\/wrk_en_ucin_Artboard-1.svg\" srcset=\"\" alt=\"\"><img decoding=\"async\" class=\"wrk-icon-image hover\" src=\"https:\/\/staging.work-ing.hr\/wp-content\/uploads\/2018\/06\/wrk_en_ucin_Artboard-1-copy-3.svg\" srcset=\"\" alt=\"\"><\/div><div class=\"wrk-category-title\">Energie-Zertifizierung<br \/><\/div><\/a><\/li><li class=\"wrk-category\"><a class=\"wrk-category-link\" href=\"\" data-ratio=\"\"><div class=\"wrk-category-icon-container\"><div class=\"wrk-icon-fill-space no-fill\"><div class=\"wrk-icon-fill-limit\" style=\"max-height:0%\"><div class=\"wrk-icon-fill\"><\/div><\/div><\/div><img decoding=\"async\" class=\"wrk-icon-image\" src=\"https:\/\/staging.work-ing.hr\/wp-content\/uploads\/2018\/06\/wrk_en_ucin_Artboard-1-copy.svg\" srcset=\"\" alt=\"\"><img decoding=\"async\" class=\"wrk-icon-image hover\" src=\"https:\/\/staging.work-ing.hr\/wp-content\/uploads\/2018\/06\/wrk_en_ucin_Artboard-1-copy-4.svg\" srcset=\"\" alt=\"\"><\/div><div class=\"wrk-category-title\">Energiemanagement<\/div><\/a><\/li><li class=\"wrk-category\"><a class=\"wrk-category-link\" href=\"\" data-ratio=\"\"><div class=\"wrk-category-icon-container\"><div class=\"wrk-icon-fill-space no-fill\"><div class=\"wrk-icon-fill-limit\" style=\"max-height:0%\"><div class=\"wrk-icon-fill\"><\/div><\/div><\/div><img decoding=\"async\" class=\"wrk-icon-image\" src=\"https:\/\/staging.work-ing.hr\/wp-content\/uploads\/2018\/06\/wrk_en_ucin_Artboard-1-copy-2.svg\" srcset=\"\" alt=\"\"><img decoding=\"async\" class=\"wrk-icon-image hover\" src=\"https:\/\/staging.work-ing.hr\/wp-content\/uploads\/2018\/06\/wrk_en_ucin_Artboard-1-copy-5.svg\" srcset=\"\" alt=\"\"><\/div><div class=\"wrk-category-title\">Niedrigenergiegew\u00e4chsh\u00e4user<\/div><\/a><\/li><\/ul>\n<\/div>\n<\/div><div class=\"wrk-insert-content  scroll-anim\"><section class=\"wrk-section col-2 left no-padding energy-efficiency\"><div class=\"wrk-page-break content-padded section-padded flip-overlay dark-green-overlay dark-green-background white-color color-image\">\n<h3 style=\"text-align: center;\">WAS IST ENERGIEEFFIZIENZ?<\/h3>\n<p style=\"text-align: center;\">Unter der Energieeffizienz versteht man die Gesamtheit von geplanten und ergriffenen Ma\u00dfnahmen, die zum Ziel haben, so wenig Energie wie m\u00f6glich zu verbrauchen, um dieselbe Arbeitsbelastung zu bew\u00e4ltigen, d. h., dass die betroffenen Ma\u00dfnahmen keinen einzigen Teil des Erzeugungsprozesses, unserer Arbeitsbedingungen und Lebensgewohnheiten st\u00f6ren.<\/p>\n<div class=\"wrk-page-break-img-div\" style=\"background-image:url(https:\/\/staging.work-ing.hr\/wp-content\/uploads\/2017\/02\/bg-custom-pages-01.jpg);\"><\/div><\/div><\/section><section class=\"wrk-section col-2 right no-padding eu-strategy\"><div class=\"wrk-page-break content-padded section-padded white-color color-image\">\n<h3 style=\"text-align: center;\">STRATEGIE EUROPA 2020<\/h3>\n<p style=\"text-align: center;\">Energieeffizienz wurde in die Gesetzgebung aller EU-Mitgliedsstaaten eingef\u00fchrt mit dem \u00f6kologischen Ziel der Reduzierung des Verbrauchs von konventionellen Prim\u00e4renergietr\u00e4gern. Zu diesem Zweck wurde die Richtlinie 28\/2009 verabschiedet, in der Ziele bis 2020 festgelegt wurden, die unterschiedliche technische L\u00f6sungen erfordern:<\/p>\n<div class=\"scroll-anim\">\n<ul>\n<li style=\"text-align: left;\">Steigerung der Nutzung von erneubaren Energien um 20 %<\/li>\n<li style=\"text-align: left;\">Durch Reduzierung des Verbrauchs eine Einsparung von 20 % erzielen<\/li>\n<li style=\"text-align: left;\">Steigerung des Anteils an erneubare Energien im Transportsektor um 10 %<\/li>\n<li style=\"text-align: left;\">Reduzierung der Treibhausgasemissionen um 20 %<\/li>\n<\/ul>\n<\/div>\n<div class=\"wrk-page-break-img-div\" style=\"background-image:url(https:\/\/staging.work-ing.hr\/wp-content\/uploads\/2017\/02\/Slika1.jpg);\"><\/div><\/div><\/section>\n<\/div><div class=\"site-skeleton\"><\/div><div class=\"wrk-insert-content  middle-silver-background\"><div class=\"site-skeleton\"><h2 style=\"text-align: center;\">Wo anwenden?<\/h2>\n<p style=\"text-align: center;\">Energieeffizienzindikatoren f\u00fcr den Strom- und Wasserverbrauch werden nach Sektoren betrachtet:<\/p>\n<\/div><div data-instance-number=\"2\"\n\t\t\t\t\tclass=\"image-gallery  slider\"\n\t\t\t\t\tid=\"wrk-image-gallery-2\"\n\t\t\t\t\t\n\t\t\t\t\t><div class=\"image-gallery-slides\"><div class=\"image-gallery-slide overlay\"><div class=\"site-skeleton\"><p style=\"text-align: center;\"><img loading=\"lazy\" decoding=\"async\" class=\"size-large wp-image-596 aligncenter\" style=\"margin-left: auto; margin-right: auto; box-shadow: none;\" src=\"https:\/\/staging.work-ing.hr\/wp-content\/uploads\/2019\/08\/enuc_slider_pro_mod-de.png\" alt=\"\" width=\"1024\" height=\"601\" \/><\/p>\n<p style=\"text-align: center;\">\n<\/div><\/div><div class=\"image-gallery-slide overlay\"><div class=\"site-skeleton\"><p style=\"text-align: center;\"><img loading=\"lazy\" decoding=\"async\" class=\"size-large wp-image-598 aligncenter\" style=\"margin-left: auto; margin-right: auto; box-shadow: none;\" src=\"https:\/\/staging.work-ing.hr\/wp-content\/uploads\/2019\/08\/enuc_slider_zg_modr-de.png\" alt=\"\" width=\"1024\" height=\"601\" \/><\/p>\n<p style=\"text-align: center;\">\n<\/div><\/div><div class=\"image-gallery-slide overlay\"><div class=\"site-skeleton\"><p style=\"text-align: center;\"><img loading=\"lazy\" decoding=\"async\" class=\"size-large wp-image-600 aligncenter\" style=\"margin-left: auto; margin-right: auto; box-shadow: none;\" src=\"https:\/\/staging.work-ing.hr\/wp-content\/uploads\/2019\/08\/enuc_slider_kuc_mod-de.png\" alt=\"\" width=\"1024\" height=\"601\" \/><\/p>\n<p style=\"text-align: center;\">\n<\/div><\/div><div class=\"image-gallery-slide overlay\"><div class=\"site-skeleton\"><p style=\"text-align: center;\"><img loading=\"lazy\" decoding=\"async\" class=\"size-large wp-image-601 aligncenter\" style=\"margin-left: auto; margin-right: auto; box-shadow: none;\" src=\"https:\/\/staging.work-ing.hr\/wp-content\/uploads\/2019\/08\/enuc_slider_polj_mod-de.png\" alt=\"\" width=\"1024\" height=\"601\" \/><\/p>\n<p style=\"text-align: center;\">\n<\/div><\/div><div class=\"image-gallery-slide overlay\"><div class=\"site-skeleton\"><p style=\"text-align: center;\"><img loading=\"lazy\" decoding=\"async\" class=\"size-large wp-image-599 aligncenter\" style=\"margin-left: auto; margin-right: auto; box-shadow: none;\" src=\"https:\/\/staging.work-ing.hr\/wp-content\/uploads\/2019\/08\/enuc_slider_ind_mod-de.png\" alt=\"\" width=\"1024\" height=\"601\" \/><\/p>\n<p style=\"text-align: center;\">\n<\/div><\/div><div class=\"image-gallery-slide overlay\"><div class=\"site-skeleton\"><p style=\"text-align: center;\"><img loading=\"lazy\" decoding=\"async\" class=\"size-large wp-image-597 aligncenter\" style=\"margin-left: auto; margin-right: auto; box-shadow: none;\" src=\"https:\/\/staging.work-ing.hr\/wp-content\/uploads\/2019\/08\/enuc_slider_usl_ea_mod-de.png\" alt=\"\" width=\"1024\" height=\"601\" \/><\/p>\n<p style=\"text-align: center;\">\n<\/div><\/div><\/div><\/div><\/p>\n<\/div><div class=\"site-skeleton\"><section class=\"wrk-section dark-green-color centered-content padding-top wrk-no-list section-padded\">\n<h2 style=\"text-align: center;\">Wie andwenden?<\/h2>\n<div class=\"scroll-anim\">\n<ul style=\"text-align: center;\">\n<li>Erh\u00f6hung der W\u00e4rmed\u00e4mmung der Geb\u00e4udeh\u00fclle<\/li>\n<li>Erh\u00f6hung der Effizienz des Heizungssystems, K\u00fchlungssystems und der Ventilation<\/li>\n<li>Erh\u00f6hung der Effizienz des Beleuchtungssystems<\/li>\n<li>Anwendung von erneuerbaren Energien<\/li>\n<li>Implementierung des Energie\u00fcberwachungs- und Managementsystems<\/li>\n<li>Einf\u00fchrung effizienterer elektomotorischer Antriebe<\/li>\n<li>Einf\u00fchrung energieeffizienterer Ger\u00e4te (Klassen A +, A ++ und A +++)<\/li>\n<\/ul>\n<p>Die Energieeffizienz muss in allen Phasen der Energiekette, von der Erzeugung bis zum Endverbrauch, erh\u00f6ht werden. Gleichzeitig m\u00fcssen Energieeffizienzgewinne letztendlich die Investitionskosten f\u00fcr Energieeffizienz \u00fcberwinden.<\/p>\n<\/div>\n<div class=\"scroll-anim\">\u00a0<\/div>\n<\/section>\n<\/div><div class=\"wrk-insert-content \"><div class=\"wrk-page-break content-padded last-content white-color dark-green-background green-overlay section-padded\"><section class=\"wrk-section site-skeleton section-padded\">\n<h2 style=\"text-align: center; margin-left: auto; margin-right: auto;\"><strong>Energieeffizienz, und nicht Sparung!<\/strong><\/h2>\n<p class=\"animated-paragraph\" style=\"text-align: center;\">Es ist sehr wichtig, zwischen der Energieeffizienz und Energieeinsparung zu differenzieren.<\/p>\n<p class=\"animated-paragraph\" style=\"text-align: center;\">Energieeffizienz bedeutet einen effizienten Einsatz von Energie, die keine einzige Phase des Produktionsprozesses, unserer Bedingungen und Arbeits- oder Lebensgewohnheiten verletzt und mit bestimmten geplanten und durchgef\u00fchrten Ma\u00dfnahmen zum Schutz der Umwelt beitr\u00e4gt. Gleichzeitig werden die Energieunabh\u00e4ngigkeit erh\u00f6ht und die Energiekosten gesenkt.<\/p>\n<p class=\"animated-paragraph\" style=\"text-align: center;\">Energieeinsparung bedeutet andererseits bestimmte Verzichten, um das gew\u00fcnschte Ergebnis der Verminderung der Gesamtkosten zu erzielen.<br \/>\n<\/section><div class=\"wrk-page-break-img-div\" style=\"background-image:url(https:\/\/staging.work-ing.hr\/wp-content\/uploads\/2017\/02\/Slika2.jpg);\"><\/div><\/div>\n<\/div><div class=\"site-skeleton\">\n","protected":false},"excerpt":{"rendered":"<p>Energieeffizienz<\/p>\n","protected":false},"author":1,"featured_media":1795,"parent":0,"menu_order":0,"comment_status":"closed","ping_status":"closed","template":"","meta":{"inline_featured_image":false,"_exactmetrics_skip_tracking":false,"_exactmetrics_sitenote_active":false,"_exactmetrics_sitenote_note":"","_exactmetrics_sitenote_category":0,"footnotes":""},"acf":[],"_links":{"self":[{"href":"https:\/\/staging.work-ing.hr\/de\/wp-json\/wp\/v2\/pages\/1793"}],"collection":[{"href":"https:\/\/staging.work-ing.hr\/de\/wp-json\/wp\/v2\/pages"}],"about":[{"href":"https:\/\/staging.work-ing.hr\/de\/wp-json\/wp\/v2\/types\/page"}],"author":[{"embeddable":true,"href":"https:\/\/staging.work-ing.hr\/de\/wp-json\/wp\/v2\/users\/1"}],"replies":[{"embeddable":true,"href":"https:\/\/staging.work-ing.hr\/de\/wp-json\/wp\/v2\/comments?post=1793"}],"version-history":[{"count":3,"href":"https:\/\/staging.work-ing.hr\/de\/wp-json\/wp\/v2\/pages\/1793\/revisions"}],"predecessor-version":[{"id":1845,"href":"https:\/\/staging.work-ing.hr\/de\/wp-json\/wp\/v2\/pages\/1793\/revisions\/1845"}],"wp:featuredmedia":[{"embeddable":true,"href":"https:\/\/staging.work-ing.hr\/de\/wp-json\/wp\/v2\/media\/1795"}],"wp:attachment":[{"href":"https:\/\/staging.work-ing.hr\/de\/wp-json\/wp\/v2\/media?parent=1793"}],"curies":[{"name":"wp","href":"https:\/\/api.w.org\/{rel}","templated":true}]}}